{"id":33,"date":"2017-01-13T23:00:53","date_gmt":"2017-01-13T23:00:53","guid":{"rendered":"http:\/\/www.marcelovalenca.com\/?page_id=33"},"modified":"2021-08-07T20:01:17","modified_gmt":"2021-08-07T20:01:17","slug":"landing-page","status":"publish","type":"page","link":"http:\/\/marcelovalenca.com\/en\/","title":{"rendered":"home"},"content":{"rendered":"<div id=\"dslc-theme-content\"><div id=\"dslc-theme-content-inner\"><p><span style=\"font-size: large\"><strong>Assistant Professor (tenure-track)<\/strong><\/span><span style=\"font-size: large\"><strong><em><img loading=\"lazy\" decoding=\"async\" src=\"http:\/\/www.marcelovalenca.com\/wp-content\/uploads\/2017\/01\/avatar-599x1024.jpg\" class=\"alignright wp-image-44\" alt=\"avatar\" width=\"210\" height=\"360\"><\/em><\/strong><\/span><span style=\"font-size: large\"><strong><br \/>\n<\/strong><\/span>Brazilian Naval War College <em>(Escola de Guerra Naval, EGN)<\/em><br \/>\nGraduate Program in Maritime Studies <em>(Programa de P\u00f3s-Gradua\u00e7\u00e3o em Estudos Mar\u00edtimos, PPGEM)<\/em><\/p>\n<p><span style=\"font-size: large\"><strong>Research interests<\/strong><\/span><\/p>\n<ul>\n<li>Critical Security Studies<\/li>\n<li>International Law<\/li>\n<li>Humanitarianism and Conflict Prevention<\/li>\n<li>Critical Military Studies<\/li>\n<li>Active learning<\/li>\n<\/ul>\n<\/div><\/div>","protected":false},"excerpt":{"rendered":"<p>Assistant Professor (tenure-track) Brazilian Naval War College (Escola de Guerra Naval, EGN) Graduate Program in...<\/p>\n","protected":false},"author":1,"featured_media":0,"parent":0,"menu_order":0,"comment_status":"closed","ping_status":"closed","template":"","meta":{"footnotes":""},"class_list":["post-33","page","type-page","status-publish","hentry"],"_links":{"self":[{"href":"http:\/\/marcelovalenca.com\/en\/wp-json\/wp\/v2\/pages\/33","targetHints":{"allow":["GET"]}}],"collection":[{"href":"http:\/\/marcelovalenca.com\/en\/wp-json\/wp\/v2\/pages"}],"about":[{"href":"http:\/\/marcelovalenca.com\/en\/wp-json\/wp\/v2\/types\/page"}],"author":[{"embeddable":true,"href":"http:\/\/marcelovalenca.com\/en\/wp-json\/wp\/v2\/users\/1"}],"replies":[{"embeddable":true,"href":"http:\/\/marcelovalenca.com\/en\/wp-json\/wp\/v2\/comments?post=33"}],"version-history":[{"count":20,"href":"http:\/\/marcelovalenca.com\/en\/wp-json\/wp\/v2\/pages\/33\/revisions"}],"predecessor-version":[{"id":404,"href":"http:\/\/marcelovalenca.com\/en\/wp-json\/wp\/v2\/pages\/33\/revisions\/404"}],"wp:attachment":[{"href":"http:\/\/marcelovalenca.com\/en\/wp-json\/wp\/v2\/media?parent=33"}],"curies":[{"name":"wp","href":"https:\/\/api.w.org\/{rel}","templated":true}]}}