{"id":198,"date":"2017-08-23T13:09:51","date_gmt":"2017-08-23T13:09:51","guid":{"rendered":"http:\/\/www.marcelovalenca.com\/?page_id=198"},"modified":"2023-12-30T14:07:13","modified_gmt":"2023-12-30T14:07:13","slug":"publicacoes","status":"publish","type":"page","link":"http:\/\/marcelovalenca.com\/en\/publicacoes\/","title":{"rendered":"publications"},"content":{"rendered":"<div id=\"dslc-theme-content\"><div id=\"dslc-theme-content-inner\"><p class=\"p1\"><strong>*Articles<\/strong> (<i>Peer reviewed)<\/i><\/p>\n<p>28. (with Luiza Bizzo Affonso) <a href=\"https:\/\/www.researchgate.net\/publication\/374743633_A_ZOPACAS_e_sua_relacao_com_a_politica_externa_brasileira_promessas_turbulencias_e_oportunidades_no_novo_Governo_Lula_da_Silva\" target=\"_blank\" rel=\"noreferrer noopener\">ZOPACAS and its relationship with Brazilian foreign policy: promises, turbulence and opportunities in the new Lula da Silva Government<\/a>. Cadernos Adenauer, Ano XXIV, n. 2, 2023, p. 97-113. [<em>In Portuguese]<\/em><\/p>\n<p>27. \u00a0(with Luiza Bizzo Affonso) <a href=\"https:\/\/www.researchgate.net\/publication\/372823991_A_Cooperacao_Internacional_e_a_Inseguranca_no_Golfo_da_Guine_Rumo_a_uma_governanca_oceanica\" target=\"_blank\" rel=\"noreferrer noopener\">International Cooperation and Insecurity in the Gulf of Guinea: Towards ocean governance?<\/a>. Revista Mar\u00edtima Brasileira, n. 143, 2023, p. 139-154. [<em>In Portuguese]<\/em><\/p>\n<p>26. (with Daniel Edler Duarte) \u201c<a href=\"https:\/\/ www.e-ir.info\/2021\/09\/11\/a-cnstructivist-approach-to-maritime-spaces\/\" target=\"_blank\" rel=\"noopener\" data-wplink-url-error=\"true\">A Constructivist Approach to Maritime Spaces<\/a>\u201d. E-International Relations, September 11, 2021.<\/p>\n<p>25. (with Walter Maur\u00edcio Miranda and Alexandre Rocha Violante) \"<a href=\"http:\/\/ebrevistas.eb.mil.br\/RMM\/article\/download\/6287\/6516\/\" target=\"_blank\" rel=\"noopener\">The Articulation between Diplomacy and Military Power in the Great Strategies of Rio Branco and Amorim<\/a>\". Cole\u00e7\u00e3o Meira Mattos, v.\u00a015, n.\u00a053, May\/ August 2021, p.\u00a0185-205. https:\/\/doi.org\/10.52781\/cmm.a048<\/p>\n<p>24. (with Daniel Edler Duarte)\u00a0<a href=\"https:\/\/doi.org\/10.1590\/S0102-8529.2019430200001\" target=\"_blank\" rel=\"noopener\">\u201cSecuritising COVID-19? The politics of global health and the limits of the Copenhagen School<\/a>\u201d. Contexto Internacional, 2021, v.\u00a043, n.\u00a02, 2021, p.\u00a0235-257.\u00a0http:\/\/doi.org\/10.1590\/S0102-8529.2019430200001<\/p>\n<p>23.<span style=\"caret-color: #111111; color: #111111;\"> (With Bruno Carvalho) <\/span><span style=\"caret-color: #111111; color: #111111;\"><a href=\"https:\/\/revistas.ufrj.br\/index.php\/sg\/article\/view\/39356\/pdf\" target=\"_blank\" rel=\"noopener noreferrer\">A pele do Leviat\u00e3 e a geopol\u00edtica do v\u00edrus: a noosfera como territ\u00f3rio pol\u00edtico dos afetos<\/a><\/span><span style=\"caret-color: #111111; color: #111111;\">.<\/span><span style=\"caret-color: #111111; color: #111111;\"><span class=\"Apple-converted-space\">\u00a0<\/span><\/span>Sul Globa<span style=\"caret-color: #111111; color: #111111;\">l, v.\u00a02, n.\u00a01, 2021, p.\u00a0111-139<\/span>. <em>[In Portuguese]<\/em><\/p>\n<p>22.\u00a0<i><a href=\"http:\/\/periodicos.pucminas.br\/index.php\/estudosinternacionais\/article\/download\/19716\/16539\/\" target=\"_blank\" rel=\"noopener noreferrer\">Simulations and Pop Culture as tools to teach International Relations<\/a>.<\/i> Estudos Internacionais, v. 8, n. 1, 2020, p. 27-43.\u00a0<i>[In Portuguese].<\/i><\/p>\n<p>21.\u00a0(with Ana Paula Balthazar Tostes) <i><a href=\"https:\/\/www.cartainternacional.abri.org.br\/Carta\/article\/download\/917\/732\/\" target=\"_blank\" rel=\"noopener noreferrer\">Storytelling as a tool of active learning<\/a><\/i>. Carta Internacional, v. 14, n. 2, 2019, 221-243. <i>[In Portuguese]<\/i>.<\/p>\n<p>20. (with Luiza Bizzo Affonso) <i><a href=\"https:\/\/seer.ufrgs.br\/austral\/article\/download\/86303\/52892\" target=\"_blank\" rel=\"noopener noreferrer\">The Role of Humanitarian Cooperation in Brazilian Foreign Policy as a Strategy of Soft Power (2003-2016)<\/a>. A<\/i>ustral: Brazilian Journal of Strategy &amp; International Relations, v.\u00a08, n.\u00a015, 185-202, 2019.<\/p>\n<p>19. (com Luiza Bizzo Affonso) <i><a href=\"https:\/\/seer.ufrgs.br\/austral\/article\/download\/86303\/52915\" target=\"_blank\" rel=\"noopener noreferrer\">O Papel da Coopera\u00e7\u00e3o Humanit\u00e1ria na Pol\u00edtica Externa Brasileira como Estrat\u00e9gia de Soft Power (2003-2016)<\/a>. A<\/i>ustral: Brazilian Journal of Strategy &amp; International Relations, v. 8, n.\u00a015, p.\u00a0195-212, 2019.<\/p>\n<p>18. (with Luiza Bizzo Affonso) <i><a href=\"https:\/\/revista.egn.mar.mil.br\/index.php\/revistadaegn\/article\/download\/711\/pdf_1\" target=\"_blank\" rel=\"noopener noreferrer\">The Politics of Humanitarian Interventions<\/a>. <\/i>Revista da Escola de Guerra Naval, v. 24, p. 435-462, 2018.<\/p>\n<p>17.\u00a0(with Luiza Bizzo) <i><a href=\"https:\/\/revista.egn.mar.mil.br\/index.php\/revistadaegn\/article\/download\/711\/pdf\" target=\"_blank\" rel=\"noopener noreferrer\">A Pol\u00edtica das Interven\u00e7\u00f5es Humanit\u00e1rias<\/a><\/i>. Revista da Escola de Guerra Naval 24 (2), 428-455, 2018. <i>[In Portuguese]<\/i><span class=\"Apple-converted-space\">\u00a0<\/span><\/p>\n<p>16.\u00a0(with Cristina Inoue) <i><a href=\"https:\/\/periodicos.unb.br\/index.php\/MED\/article\/download\/5301\/4821\/\" target=\"_blank\" rel=\"noopener noreferrer\">Active Learning Contributions to the Study of International Relations in Brazilian Universities<\/a><\/i>. Meridiano 47, 2017. <i>[In Portuguese]<\/i><\/p>\n<p>15.\u00a0(with Ana Paula Tostes) <i><a href=\"https:\/\/periodicos.ufsm.br\/revistadireito\/article\/download\/24679\/pdf\" target=\"_blank\" rel=\"noopener noreferrer\">Theoretical Reflections on International Justice: Facing Hedley Bull<\/a><\/i>. Revista Eletr\u00f4nica do Curso de Direito da UFSM 12 (1), 237-254, 2017. <i>[In Portuguese]<\/i><\/p>\n<p>14.\u00a0(with Yesa Ormond) <i><a href=\"https:\/\/www.e-publicacoes.uerj.br\/index.php\/muralinternacional\/article\/download\/31487\/22767\" target=\"_blank\" rel=\"noopener noreferrer\">\u201cThe United States And its Allies are on the Right Side of History\u201d: the global war on terror and its discursive representations<\/a><\/i>. Revista Mural Internacional 7 (2), 2017. <i>[In Portuguese]<\/i><\/p>\n<p>13.\u00a0<i><a href=\"https:\/\/goo.gl\/zQWgyr\" target=\"_blank\" rel=\"noopener noreferrer\">Brazilian Foreign Policy and Multilateralism: what to expect from the new government<\/a><\/i>. Cadernos Adenauer, XVII (4), 45-59, 2016. <i>[In Portuguese]<\/i><\/p>\n<p>12.\u00a0<i><a href=\"https:\/\/goo.gl\/VstSPq\" target=\"_blank\" rel=\"noopener noreferrer\">Policy Relevance or Epistemological Advances? Good signs for the Security Studies research field<\/a><\/i>. Mundorama, n.\u00a0102, 2016. <i>[In Portuguese]<\/i><\/p>\n<p>11.\u00a0(with Ana Paula Tostes) <i><a href=\"https:\/\/revista.egn.mar.mil.br\/index.php\/revistadaegn\/article\/download\/177\/139\" target=\"_blank\" rel=\"noopener noreferrer\">Brazilian international insertion trough the consolidation of norms of conflict prevention and protections of civilians in armed conflicts: possibilities from the Responsibility while Protecting<\/a><\/i>. Revista da Escola de Guerra Naval, n.\u00a021, v.\u00a01, 2015, 63-82. <i>[In Portuguese]<\/i><\/p>\n<p>10. (with Gustavo Carvalho) <i><a href=\"http:\/\/www.scielo.br\/pdf\/bpsr\/v8n3\/1981-3821-bpsr-8-3-0066.pdf\" target=\"_blank\" rel=\"noopener noreferrer\">Soft power, hard aspirations: Brazilian foreign policy strategies and the dilemmas of power projection<\/a><\/i>. Brazilian Political Science Review, v.\u00a08, 2014, 66-94.<\/p>\n<p>9.\u00a0<i><a href=\"https:\/\/periodicos.ufpel.edu.br\/ojs2\/index.php\/rsulacp\/article\/download\/2312\/2162\" target=\"_blank\" rel=\"noopener noreferrer\">The Mercosul Political Discourse: the binomial security-insecurity in the Brazil-Argentina Relations<\/a><\/i>. Revista Sul-Americana de Ci\u00eancia Pol\u00edtica, v.\u00a01, 2013, 77-90. <i>[In Portuguese]<\/i><\/p>\n<p>8.\u00a0<i><a href=\"https:\/\/www.e-publicacoes.uerj.br\/index.php\/muralinternacional\/article\/download\/5911\/4251\" target=\"_blank\" rel=\"noopener noreferrer\">The Securitization of Mercosul: theoretical notes on regional security and the role of domestic groups on the stabilization and normalization of politics<\/a><\/i>. Revista Mural International, Year III, n.\u00a01, 2012, 37-44. <i>[In Portuguese]<\/i><\/p>\n<p>7.\u00a0<i><a href=\"https:\/\/revista.egn.mar.mil.br\/index.php\/revistadaegn\/article\/download\/324\/248\" target=\"_blank\" rel=\"noopener noreferrer\">The Politics of Identity in the New Wars and the Social Construction of the Difference: some remarks on culture and identity<\/a><\/i>. Revista da Escola de<b> <\/b>Guerra Naval, n.\u00a017, 2012, 65-85. <i>[In Portuguese]<\/i><\/p>\n<p>6. <i><a href=\"https:\/\/goo.gl\/DPwnN5\" target=\"_blank\" rel=\"noopener noreferrer\">Statebuilding through Liberal Means: thinking about challenges, contradictions, and the impacts of local and international players in postwar peace operations<\/a><\/i>. International Studies Review 13 (3), 2011, 637-646.<\/p>\n<p>5. (with Miriam G. Saraiva) <i><a href=\"https:\/\/goo.gl\/QDD18m\" target=\"_blank\" rel=\"noopener noreferrer\">Brazil: regional power with global interests<\/a><\/i>. Dialogo Politico 4, dezembro de 2011, p.\u00a099-119 (Argentina) [In Spanish].<\/p>\n<p>4. <i><a href=\"https:\/\/periodicos.ufpe.br\/revistas\/politicahoje\/article\/download\/3813\/3117\" target=\"_blank\" rel=\"noopener noreferrer\">The Syllabus Dilemma: combining theory and practice in an introductory course of Peace and Conflict Studies<\/a><\/i>. Pol\u00edtica Hoje, 20 (1), 2011, 7- 35. <i>[In Portuguese]<\/i><\/p>\n<p>3.\u00a0<i><a href=\"http:\/\/www.scielo.br\/pdf\/cint\/v31n2\/v31n2a04.pdf\" target=\"_blank\" rel=\"noopener noreferrer\">Politics, Emancipation, and Humanitarianism: a critical reading of the English School over the issues of the humanitarian intervention<\/a><\/i>. Contexto Internacional, 31(2), 2009, 319-349. <i>[In Portuguese]\u00a0<\/i><\/p>\n<p>2.\u00a0<i><a href=\"https:\/\/goo.gl\/H1fE4v\" target=\"_blank\" rel=\"noopener noreferrer\">The Impact of Economical Factors in International Security Theories<\/a><\/i>. Rela\u00e7\u00f5es Internacionais no Mundo Atual, n.\u00a010, 2009, 63-90. <i>[In Portuguese]<\/i><\/p>\n<p>1.\u00a0<i><a href=\"https:\/\/revista.egn.mar.mil.br\/index.php\/revistadaegn\/article\/download\/396\/296\" target=\"_blank\" rel=\"noopener noreferrer\">The Challenges of the New Wars to UN Peacekeeping Operations<\/a><\/i>. Revista da Escola de Guerra Naval, 13, 2009, 94-117. <i>[In Portuguese]<\/i><\/p>\n<p class=\"p1\"><strong><br \/>\n*Books<\/strong><\/p>\n<p>1.\u00a0(Edited volume with Cristina Inoue) <a href=\"https:\/\/www.researchgate.net\/profile\/Marcelo_Valenca3\/publication\/340918361_Relacoes_Internacionais_na_sala_de_aula_ensino_e_aprendizado_ativo_e_outras_estorias\/links\/5ea420d1299bf112560c989b\/Relacoes-Internacionais-na-sala-de-aula-ensino-e-aprendizado-ativo-e-outras-estorias.pdf?_sg%5B0%5D=dq1NF_eNpf3yKvjkGlAx4cWCMZmQGoz822oLd2H-lAKCX7idRvg_-tmcqYOeF4SRz3xFBzRSC8UCw7U7jCEXEg.d9o8PMyQCAg_GCfF3gsmhiUIBATT27_kr6CPPphUhAw0kYjiabjX5aVxo__tbTcgDbS45u13KvTgps2bWu2YMA&amp;_sg%5B1%5D=-UuNpGNFuE28AAP5N7yMOIkVq9aw-JzzlHqHGas1Hf1UdFrE6WjGwhI5enOBs-ZSmbOa_MInPrwLYaDiD4T8z8BFb7ZiKs777gA31e2YRsX2.d9o8PMyQCAg_GCfF3gsmhiUIBATT27_kr6CPPphUhAw0kYjiabjX5aVxo__tbTcgDbS45u13KvTgps2bWu2YMA&amp;_iepl=\" target=\"_blank\" rel=\"noopener noreferrer\">International Relations in Brazil: active teaching, active learning, and other stories<\/a>. Campina Grande: Editora Universidade Estadual da Para\u00edba, 2018. <i>[In Portuguese]<\/i><\/p>\n<p class=\"p1\"><strong><br \/>\n*Chapters in Edited Volumes<\/strong><\/p>\n<p>19. <strong>VALEN\u00c7A, Marcelo M<\/strong>.<strong>; <\/strong>AFFONSO, Bizzo, Luiza. \"<a href=\"https:\/\/www.researchgate.net\/publication\/376981277_Abordagens_tradicionais_para_o_estudo_da_Seguranca_o_Realismo_e_a_critica_ampliacionista_do_Liberalismo\" target=\"_blank\" rel=\"noreferrer noopener\">Traditional Approaches to International Security: Realism and the Liberal Critique<\/a>\". In: <strong>International Security<\/strong>: Political Theory and Strategic Thought. Rio de Janeiro: Freitas Bastos, 2024, p. 21-48. <em>[In Portuguese]<\/em><\/p>\n<p>18. DUARTE, D. E. ; <strong>VALEN\u00c7A, Marcelo M.<\/strong>\u00a0<a href=\"https:\/\/www.researchgate.net\/publication\/374112215_A_Case_Study_Militarisation_and_controversies_over_security_framing_of_the_COVID-19_pandemic_in_Brazil\" target=\"_blank\" rel=\"noreferrer noopener\" data-type=\"link\" data-id=\"https:\/\/www.researchgate.net\/publication\/374112215_A_Case_Study_Militarisation_and_controversies_over_security_framing_of_the_COVID-19_pandemic_in_Brazil\">A Case Study: Militarisation and controversies over security framing of the COVID-19 pandemic in Brazil<\/a>. In: Xavier Guillaume; Kyle Grayson. (Org.). Security Studies: Critical Perspectives. 1ed.New York: Oxford University Press, 2023, v. 1, p. 1-17.<\/p>\n<p>17. VALEN\u00c7A, Marcelo M.; DUARTE, Daniel Edler. \u201cThe Sea as an Institution: A Constructivist Approach to Maritime Spaces\u201d. In: Moreira, William de Sousa (ed.) <strong>Power and the Maritime Domain: A Global Dialogue<\/strong>. Routledge: London, 2023, p. 28-41.<\/p>\n<p>16. AZZI, Veronica F. ;VALEN\u00c7A, Marcelo M. \u201c<a href=\"https:\/\/www.researchgate.net\/publication\/354359795_Transnational_threats_structural_violence_and_militarization_promoting_civil-military_cooperation_for_peacebuilding\" target=\"_blank\" rel=\"noreferrer noopener\" data-type=\"URL\" data-id=\"https:\/\/www.researchgate.net\/publication\/354359795_Transnational_threats_structural_violence_and_militarization_promoting_civil-military_cooperation_for_peacebuilding\">Transnational threats, structural violence and militarization: promoting civil-military cooperation for peacebuilding<\/a>\u201d. In: Czymmeck, Anja (ed.) <strong>Does No War Mean Peace? International Security Strategies in a New Geopolitical World Order<\/strong>. Konrad Adenauer Stiftung: Rio de Janeiro, 2021, p.\u00a078-93.<\/p>\n<p>15. VALEN\u00c7A, Marcelo M.; MENEZES, Soraya Fonteneles. \u201cInternational Relations and the Sea: a perspective from international institutions\u201d. In: ALMEIDA, F. E. Alves de; MOREIRA, W. M. Maritime Studies: visions and perspectives. RIo de Janeiro: Centro de Documenta\u00e7\u00e3o da Marinha, 2021, p.\u00a0115-141.<\/p>\n<p>14.INOUE, Cristina Yumie Aoki; ALAS, Jacqui de Matos; VALEN\u00c7A, Marcelo M. \u201cTeaching IR in the Global South: Views from Brazil and the Global South\u201d.\u00a0 In: James M. Scott, Ralph G. Carter, Brandy Jolliff Scott e Jeffrey S. Lantis (eds.) Teaching International Relations. Northampton: Edward Algar Publishing, 2021 p.\u00a038-51. http:\/\/doi.org\/10.4337\/9781839107658.00010<\/p>\n<p>13. (with Monique Sochaczewski). <em><a href=\"https:\/\/www.researchgate.net\/profile\/Marcelo-Valenca\/publication\/348845137_Brasil_y_el_Multilateralismo_desde_la_tradicion_hasta_los_cambios_radicales\/links\/6012d25245851517ef208d52\/Brasil-y-el-Multilateralismo-desde-la-tradicion-hasta-los-cambios-radicales.pdf?origin=profileFeaturedResearchPublicationItem\" target=\"_blank\" rel=\"noopener noreferrer\">Brasil y el Multilateralismo: desde la tradici\u00f3n hasta los cambios radicales<\/a>.<\/em>\u00a0In: Multilateralismo: perspectivas, Winfried Weck (ed.). Panama City: Konrad Adenauer Stiftung, 2020, p. 39-53. <em>[In Spanish]<\/em><\/p>\n<p>12. (with Monique Sochaczewski). <a href=\"https:\/\/t.co\/S8QsuxETlV?amp=1\" target=\"_blank\" rel=\"noopener\"><i>Brazilian Foreign Policy, Multilateralism, and Health Politics: a few notes<\/i><\/a>. <i>In<\/i>: Desenvolvimento Sustent\u00e1vel, Democracia e Pol\u00edtica Exterior em Tempos de Crise, Jamile Bergamaschine Mata Diz e Jorge Lasmar (eds.). Belo Horizonte: Arraes Editores, 2020, 264-288. <i>[In Portuguese]<\/i><span class=\"Apple-converted-space\">\u00a0<\/span><\/p>\n<p><i>11. <a href=\"https:\/\/www.researchgate.net\/profile\/Marcelo_Valenca3\/publication\/341255043_A_OTAN_Global_e_seus_Impactos_na_Seguranca_do_Hemisferio_Ocidental_Sul\/links\/5eb5aa3b4585152169c0ee01\/A-OTAN-Global-e-seus-Impactos-na-Seguranca-do-Hemisferio-Ocidental-Sul.pdf?_sg%5B0%5D=vrBVSMJdMwV4cJyqVi5aZlT5nY_FrTQMeb_bwhLMSURCeH71HY0afwuBVDe3JMNoREWcFn7GR42tzrYLInvbsg.2naN5cyGEwwP70SjoDxQDqKgYL4AVRhSgvfLnfEcsCZIb1S-oU4xGclactBYNh9q7z-RT0ChC-ubXeS2RkTYbw&amp;_sg%5B1%5D=8W8PuN9trLJtlsaoKX9EMhZvPVFrYYZYMY5Zmb26zr1Z404Qzk3_CtzmwMsSv4lwtk3BSgJWNq2SsGXcC8PBvf4otqRxFkCaj-8nE-Ls5YoV.2naN5cyGEwwP70SjoDxQDqKgYL4AVRhSgvfLnfEcsCZIb1S-oU4xGclactBYNh9q7z-RT0ChC-ubXeS2RkTYbw&amp;_iepl=\" target=\"_blank\" rel=\"noopener noreferrer\">Global NATO and its impacts on the South Western Hemisphere Security<\/a><\/i>. In: Novos Rumos Da Pol\u00edtica Na Uni\u00e3o Europeia E Os Desdobramentos Na Am\u00e9rica Latina, S\u00e9rie Rela\u00e7\u00f5es Brasil Uni\u00e3o Europeia v.\u00a09, Reinaldo J Themoteo (ed.). Rio de Janeiro: Funda\u00e7\u00e3o Konrad Adenauer, 2020, p.\u00a035-53. <i>[In Portuguese]<\/i><\/p>\n<p>10.\u00a0<i><a href=\"https:\/\/www.researchgate.net\/publication\/334521314_Disciplinary_Dungeon_Master\" target=\"_blank\" rel=\"noopener noreferrer\">Disciplinary Dungeon Master<\/a><\/i>. Cap\u00edtulo para o livro Pedagogical Journeys Through World Politics: Adventures in Teaching, Jamie Frueh (ed.). New York: Palgrave Macmillan, 2020, 209-218.<\/p>\n<p>9.\u00a0(with Soraya Fonteneles de Menezes). <i><a href=\"https:\/\/www.researchgate.net\/publication\/338051473_Relacoes_Internacionais_e_o_Mar_um_olhar_a_partir_das_instituicoes_internacionais\" target=\"_blank\" rel=\"noopener noreferrer\">International Relations and the Sea: reflections on international institutions<\/a>.<\/i> In: Francisco Eduardo Alves de Almeida e William Moreira de Souza (eds.). Estudos Mar\u00edtimos: teorias e m\u00e9todos. S\u00e3o Paulo: Editora USP, 2019 , 123-150. <i>[In Portuguese]<\/i><\/p>\n<p>8.\u00a0(with Rafael Zelesco Barretto). <a href=\"https:\/\/www.researchgate.net\/publication\/338235982_Secessao_Terapeutica_como_Resposta_aos_Novos_Conflitos_Armados_notas_teoricas_e_politicas\" target=\"_blank\" rel=\"noopener noreferrer\">Remedial Secession as a solution for new armed conflicts: notes on theory and politics<\/a>. In: Liliana Jubilut e Rachel de Oliveira Lopes (eds.). Direitos Humanos e Vulnerabilidades e Direito Humanit\u00e1rio. Boa Vista: Editora da Universidade Federal do Roraima, 2019, 151-176. <i>[In Portuguese]<\/i><\/p>\n<p>7.\u00a0<a href=\"https:\/\/www.researchgate.net\/publication\/328477368_Contribuicoes_da_Prevencao_de_Conflitos_a_Politica_Externa_Brasileira_notas_e_reflexoes?_sg=YdgmK7quJAf2kf-Y4pdej4lMKPpLujUanCm1kcAe_Fxc76wzN2qpaiQ4Gkc4aVi56J6v1mW_8ngSuXtBOwX-TKH27FRhzNIRFw0BeGOc.vsaj8U5d-AERgMie3OKZgC0VyburAq7KN1jPgwep92emhYIMaOu5uEzvnRd8KIYrfJAp5K7jLBKw0jsjyzDURg\" target=\"_blank\" rel=\"noopener noreferrer\">Contributions to Brazilian Foreign Policy from Conflict Prevention<\/a>. In: S\u00e9rgio Eduardo Moreira Lima; Augusto W. M. Teixeira J\u00fanior. (Orgs.). V Confer\u00eancia sobre Rela\u00e7\u00f5es Exteriores: O Brasil e as tend\u00eancias do cen\u00e1rio internacional. 1ed., Bras\u00edlia: Funda\u00e7\u00e3o Alexandre de Gusm\u00e3o, 2018, 149-172. <i>[In Portuguese]<\/i><\/p>\n<p>6.\u00a0(with Manoela Assayag). <i><a href=\"https:\/\/www.researchgate.net\/publication\/327079574_A_Contribuicao_de_Simulacoes_e_Modelos_para_a_formacao_de_um_pensamento_critico_em_Relacoes_Internacionais?_sg=YdgmK7quJAf2kf-Y4pdej4lMKPpLujUanCm1kcAe_Fxc76wzN2qpaiQ4Gkc4aVi56J6v1mW_8ngSuXtBOwX-TKH27FRhzNIRFw0BeGOc.vsaj8U5d-AERgMie3OKZgC0VyburAq7KN1jPgwep92emhYIMaOu5uEzvnRd8KIYrfJAp5K7jLBKw0jsjyzDURg\" target=\"_blank\" rel=\"noopener noreferrer\">Simulations and Learning in International Relations<\/a><\/i>. In:<span class=\"Apple-converted-space\">\u00a0 <\/span>Marcelo M. Valen\u00e7a e Cristina Inoue (eds.). International Relations in Brazil: active teaching, active learning, and other stories. Campina Grande: Editora Universidade Estadual da Para\u00edba, 2018. <i>[In Portuguese]<\/i><\/p>\n<p>5.\u00a0(with Cristina Inoue). <i><a href=\"https:\/\/www.researchgate.net\/publication\/327079621_Paradoxo_da_abundancia_e_a_pobreza_da_atencao_desafios_nas_salas_de_aula_e_o_aprendizado_ativo_em_Relacoes_Internacionais?_sg=YdgmK7quJAf2kf-Y4pdej4lMKPpLujUanCm1kcAe_Fxc76wzN2qpaiQ4Gkc4aVi56J6v1mW_8ngSuXtBOwX-TKH27FRhzNIRFw0BeGOc.vsaj8U5d-AERgMie3OKZgC0VyburAq7KN1jPgwep92emhYIMaOu5uEzvnRd8KIYrfJAp5K7jLBKw0jsjyzDURg\" target=\"_blank\" rel=\"noopener noreferrer\">Teaching IR in Brazil<\/a><\/i>. In:<span class=\"Apple-converted-space\">\u00a0 <\/span>Marcelo M. Valen\u00e7a e Cristina Inoue (eds.). International Relations in Brazil: active teaching, active learning, and other stories, Campina Grande: Editora Universidade Estadual da Para\u00edba, 2018. <i>[In Portuguese]<\/i><\/p>\n<p>4.\u00a0<i>Political Realism. <\/i>In: Ricardo B. Weber and Cristiane Romeo (eds.). <i>Manual de Teorias de Rela\u00e7\u00f5es Internacionais.<\/i> Forthcoming. <i>[In Portuguese]<\/i><\/p>\n<p>3. <i><a href=\"https:\/\/goo.gl\/ABPnDZ\" target=\"_blank\" rel=\"noopener noreferrer\">The role of International Law in the current upsurge of conflicts<\/a>. <\/i>Cap\u00edtulo para o livro<i> <\/i>Might and Right in World Politics, Jan Woischnik (ed.). Rio de Janeiro: Funda\u00e7\u00e3o Konrad Adenauer, 2016, 39-51.<\/p>\n<p>2. <i><a href=\"https:\/\/goo.gl\/xYDvBP\" target=\"_blank\" rel=\"noopener noreferrer\">The Imperatives and Hazards of Humanitarian Intervention<\/a>.\u00a0<\/i>In: Felix Dane (ed.).<i> International Security: a European-South American Dialogue. <\/i>Rio de Janeiro: Funda\u00e7\u00e3o Konrad Adenauer, 2014, 341-359.<\/p>\n<p>1. <i>(with Fernando Malta) The Amazonian borders and the South American regional integration. In: <\/i>Clovis Brigag\u00e3o (ed.).<i> Am\u00e9rica Latina e os Conflitos Fronteiri\u00e7os<\/i>.<b> <\/b>Rio de Janeiro: GAPCon, 2010. <i>[In Portuguese]<\/i><\/p>\n<p class=\"p1\"><strong><br \/>\n*Reports and\u00a0working papers<\/strong><\/p>\n<p>4.\u00a0(with Miriam Gomes Saraiva) <a href=\"https:\/\/goo.gl\/18majv\" target=\"_blank\" rel=\"noopener noreferrer\">Brazilian Foreign Policy and its International Aspirations: a project marked by its continuity<\/a>.<b> <\/b>CEBRI Artigos, Vol. 1, Year VII, n.\u00a032\u00a0p., 2012, Rio de Janeiro, Brazil [In Portuguese]<\/p>\n<p>3. (with Susanne Gratius) <i><a href=\"https:\/\/www.researchgate.net\/publication\/320424932_Urban_Violence_in_Caracas_and_Rio_de_Janeiro_Local_and_European_Responses\" target=\"_blank\" rel=\"noopener noreferrer\">Urban Violence in Caracas and Rio de Janeiro: local and European responses<\/a><\/i>. Initiative for Peacebuilding, FRIDE, 25 p., dezembro de 2011, Madri. <a href=\"https:\/\/goo.gl\/4JGn29\" target=\"blank\" rel=\"noopener noreferrer\">Vers\u00e3o traduzida para o portugu\u00eas<\/a><\/p>\n<p>2. (with Leonardo P. Neves e Christiane Sauerbronn) <i>Bolivia: the role of civil society. <\/i>GAPCon Working Paper Series, 2007, Rio de Janeiro, Brazil.<\/p>\n<p>1. (com Paulo G. O. Ramos) <i><a href=\"https:\/\/goo.gl\/euxSBD\" target=\"_blank\" rel=\"noopener noreferrer\">A Quest\u00e3o Nuclear nas Rela\u00e7\u00f5es Diplom\u00e1ticas Brasil-Estados Unidos<\/a><\/i>. S\u00e9rie IRI Textos 26, 2004, 22\u00a0p., Rio de Janeiro<\/p>\n<p><strong>*\u00a0Book reviews<\/strong><\/p>\n<p>2. <i><a href=\"https:\/\/goo.gl\/tj87Hx\" target=\"_blank\" rel=\"noopener noreferrer\">Electing to Fight: why emerging democracies go to war<\/a>.<\/i> Contexto Internacional, 28 (2), 2006, p. 567-577 <i>[In Portuguese]<\/i>.<\/p>\n<p>1. <i><a href=\"https:\/\/goo.gl\/nWZrsc\" target=\"_blank\" rel=\"noopener noreferrer\">Taming the Sovereigns<\/a>. <\/i> Contexto Internacional 27 (2), 2005, p. 465-478 <i>[In Portuguese]<\/i>.<\/p>\n<\/div><\/div>","protected":false},"excerpt":{"rendered":"<p>*Articles (Peer reviewed) 28. (with Luiza Bizzo Affonso) ZOPACAS and its relationship with Brazilian foreign...<\/p>\n","protected":false},"author":1,"featured_media":0,"parent":0,"menu_order":0,"comment_status":"closed","ping_status":"closed","template":"","meta":{"footnotes":""},"class_list":["post-198","page","type-page","status-publish","hentry"],"_links":{"self":[{"href":"http:\/\/marcelovalenca.com\/en\/wp-json\/wp\/v2\/pages\/198","targetHints":{"allow":["GET"]}}],"collection":[{"href":"http:\/\/marcelovalenca.com\/en\/wp-json\/wp\/v2\/pages"}],"about":[{"href":"http:\/\/marcelovalenca.com\/en\/wp-json\/wp\/v2\/types\/page"}],"author":[{"embeddable":true,"href":"http:\/\/marcelovalenca.com\/en\/wp-json\/wp\/v2\/users\/1"}],"replies":[{"embeddable":true,"href":"http:\/\/marcelovalenca.com\/en\/wp-json\/wp\/v2\/comments?post=198"}],"version-history":[{"count":66,"href":"http:\/\/marcelovalenca.com\/en\/wp-json\/wp\/v2\/pages\/198\/revisions"}],"predecessor-version":[{"id":400,"href":"http:\/\/marcelovalenca.com\/en\/wp-json\/wp\/v2\/pages\/198\/revisions\/400"}],"wp:attachment":[{"href":"http:\/\/marcelovalenca.com\/en\/wp-json\/wp\/v2\/media?parent=198"}],"curies":[{"name":"wp","href":"https:\/\/api.w.org\/{rel}","templated":true}]}}